{"id":3240,"date":"2023-02-08T16:37:05","date_gmt":"2023-02-08T16:37:05","guid":{"rendered":"https:\/\/edutalent.es\/contacto\/"},"modified":"2024-12-14T08:27:10","modified_gmt":"2024-12-14T08:27:10","slug":"contacto","status":"publish","type":"page","link":"https:\/\/edutalent.es\/gl\/contacto\/","title":{"rendered":"Contacto"},"content":{"rendered":"\t\t<div data-elementor-type=\"wp-page\" data-elementor-id=\"3240\" class=\"elementor elementor-3240 elementor-761\" data-elementor-post-type=\"page\">\n\t\t\t\t\t\t<section class=\"elementor-section elementor-top-section elementor-element elementor-element-c2bbb9a elementor-section-boxed elementor-section-height-default elementor-section-height-default\" data-id=\"c2bbb9a\" data-element_type=\"section\" data-e-type=\"section\" data-settings=\"{&quot;background_background&quot;:&quot;classic&quot;}\">\n\t\t\t\t\t\t<div class=\"elementor-container elementor-column-gap-default\">\n\t\t\t\t\t<div class=\"elementor-column elementor-col-100 elementor-top-column elementor-element elementor-element-e4ed662\" data-id=\"e4ed662\" data-element_type=\"column\" data-e-type=\"column\">\n\t\t\t<div class=\"elementor-widget-wrap elementor-element-populated\">\n\t\t\t\t\t\t<div class=\"elementor-element elementor-element-d4ad1be elementor-widget elementor-widget-heading\" data-id=\"d4ad1be\" data-element_type=\"widget\" data-e-type=\"widget\" data-widget_type=\"heading.default\">\n\t\t\t\t<div class=\"elementor-widget-container\">\n\t\t\t\t\t<h1 class=\"elementor-heading-title elementor-size-default\">Tes d\u00fabidas?<\/br>\nEstamos encantados de contestalas!<\/h1>\t\t\t\t<\/div>\n\t\t\t\t<\/div>\n\t\t\t\t<div class=\"elementor-element elementor-element-a041252 elementor-widget elementor-widget-text-editor\" data-id=\"a041252\" data-element_type=\"widget\" data-e-type=\"widget\" data-widget_type=\"text-editor.default\">\n\t\t\t\t<div class=\"elementor-widget-container\">\n\t\t\t\t\t\t\t\t\t<p>Sabemos que cambiar de contrataci\u00f3n en centros privados e concertados \u00e9 complexo, as\u00ed que se queres resolver as t\u00faas d\u00fabidas, po\u00f1\u00e9moschelo f\u00e1cil.<\/p>\n\t\t\t\t\t\t\t\t<\/div>\n\t\t\t\t<\/div>\n\t\t\t\t\t<\/div>\n\t\t<\/div>\n\t\t\t\t\t<\/div>\n\t\t<\/section>\n\t\t\t\t<section class=\"elementor-section elementor-top-section elementor-element elementor-element-d46041c elementor-section-boxed elementor-section-height-default elementor-section-height-default\" data-id=\"d46041c\" data-element_type=\"section\" data-e-type=\"section\" data-settings=\"{&quot;background_background&quot;:&quot;classic&quot;}\">\n\t\t\t\t\t\t<div class=\"elementor-container elementor-column-gap-default\">\n\t\t\t\t\t<div class=\"elementor-column elementor-col-16 elementor-top-column elementor-element elementor-element-be58f24\" data-id=\"be58f24\" data-element_type=\"column\" data-e-type=\"column\">\n\t\t\t<div class=\"elementor-widget-wrap\">\n\t\t\t\t\t\t\t<\/div>\n\t\t<\/div>\n\t\t\t\t<div class=\"elementor-column elementor-col-66 elementor-top-column elementor-element elementor-element-f5daf02\" data-id=\"f5daf02\" data-element_type=\"column\" data-e-type=\"column\" data-settings=\"{&quot;background_background&quot;:&quot;classic&quot;}\">\n\t\t\t<div class=\"elementor-widget-wrap elementor-element-populated\">\n\t\t\t\t\t\t<div class=\"elementor-element elementor-element-07a2b35 elementor-widget elementor-widget-heading\" data-id=\"07a2b35\" data-element_type=\"widget\" data-e-type=\"widget\" data-widget_type=\"heading.default\">\n\t\t\t\t<div class=\"elementor-widget-container\">\n\t\t\t\t\t<h3 class=\"elementor-heading-title elementor-size-default\">Contacta connosco<\/h3>\t\t\t\t<\/div>\n\t\t\t\t<\/div>\n\t\t\t\t<div class=\"elementor-element elementor-element-792bc9a elementor-widget elementor-widget-wpforms\" data-id=\"792bc9a\" data-element_type=\"widget\" data-e-type=\"widget\" data-widget_type=\"wpforms.default\">\n\t\t\t\t<div class=\"elementor-widget-container\">\n\t\t\t\t\t<div class=\"wpforms-container \" id=\"wpforms-16\"><form id=\"wpforms-form-16\" class=\"wpforms-validate wpforms-form wpforms-ajax-form\" data-formid=\"16\" method=\"post\" enctype=\"multipart\/form-data\" action=\"\/gl\/wp-json\/wp\/v2\/pages\/3240\" data-token=\"5874902557a7374800e375c87107203e\" data-token-time=\"1777583428\"><noscript class=\"wpforms-error-noscript\">Por favor, activa JavaScript no teu navegador para completar este formulario.<\/noscript><div class=\"wpforms-field-container\"><div id=\"wpforms-16-field_0-container\" class=\"wpforms-field wpforms-field-name\" data-field-id=\"0\"><label class=\"wpforms-field-label wpforms-label-hide\" for=\"wpforms-16-field_0\">Nombre <span class=\"wpforms-required-label\">*<\/span><\/label><input type=\"text\" id=\"wpforms-16-field_0\" class=\"wpforms-field-large wpforms-field-required\" name=\"wpforms[fields][0]\" placeholder=\"A\u00f1ade tu nombre\" required><\/div><div id=\"wpforms-16-field_1-container\" class=\"wpforms-field wpforms-field-email\" data-field-id=\"1\"><label class=\"wpforms-field-label wpforms-label-hide\" for=\"wpforms-16-field_1\">Email <span class=\"wpforms-required-label\">*<\/span><\/label><input type=\"email\" id=\"wpforms-16-field_1\" class=\"wpforms-field-large wpforms-field-required\" name=\"wpforms[fields][1]\" placeholder=\"Aqu\u00ed tu mail\" spellcheck=\"false\" required><\/div><div id=\"wpforms-16-field_2-container\" class=\"wpforms-field wpforms-field-textarea\" data-field-id=\"2\"><label class=\"wpforms-field-label wpforms-label-hide\" for=\"wpforms-16-field_2\">\u00bfC\u00f3mo te podemos ayudar?<\/label><textarea id=\"wpforms-16-field_2\" class=\"wpforms-field-medium\" name=\"wpforms[fields][2]\" placeholder=\"Ind\u00edcanos c\u00f3mo te podemos ayudar...\" ><\/textarea><\/div><\/div><!-- .wpforms-field-container --><div class=\"wpforms-recaptcha-container wpforms-is-recaptcha wpforms-is-recaptcha-type-v3\" ><input type=\"hidden\" name=\"wpforms[recaptcha]\" value=\"\"><\/div><div class=\"wpforms-submit-container\" ><input type=\"hidden\" name=\"wpforms[id]\" value=\"16\"><input type=\"hidden\" name=\"page_title\" value=\"\"><input type=\"hidden\" name=\"page_url\" value=\"https:\/\/edutalent.es\/gl\/wp-json\/wp\/v2\/pages\/3240\"><input type=\"hidden\" name=\"url_referer\" value=\"\"><button type=\"submit\" name=\"wpforms[submit]\" id=\"wpforms-submit-16\" class=\"wpforms-submit\" data-alt-text=\"Enviando...\" data-submit-text=\"Enviar\" aria-live=\"assertive\" value=\"wpforms-submit\">Enviar<\/button><img decoding=\"async\" src=\"https:\/\/edutalent.es\/wp-content\/plugins\/wpforms-lite\/assets\/images\/submit-spin.svg\" class=\"wpforms-submit-spinner\" style=\"display: none;\" width=\"26\" height=\"26\" alt=\"Cargando\"><\/div><\/form><\/div>  <!-- .wpforms-container -->\t\t\t\t<\/div>\n\t\t\t\t<\/div>\n\t\t\t\t\t<\/div>\n\t\t<\/div>\n\t\t\t\t<div class=\"elementor-column elementor-col-16 elementor-top-column elementor-element elementor-element-d63a001\" data-id=\"d63a001\" data-element_type=\"column\" data-e-type=\"column\">\n\t\t\t<div class=\"elementor-widget-wrap\">\n\t\t\t\t\t\t\t<\/div>\n\t\t<\/div>\n\t\t\t\t\t<\/div>\n\t\t<\/section>\n\t\t\t\t<section class=\"elementor-section elementor-top-section elementor-element elementor-element-348f91a elementor-section-boxed elementor-section-height-default elementor-section-height-default\" data-id=\"348f91a\" data-element_type=\"section\" data-e-type=\"section\" data-settings=\"{&quot;background_background&quot;:&quot;classic&quot;}\">\n\t\t\t\t\t\t<div class=\"elementor-container elementor-column-gap-default\">\n\t\t\t\t\t<div class=\"elementor-column elementor-col-16 elementor-top-column elementor-element elementor-element-0693519\" data-id=\"0693519\" data-element_type=\"column\" data-e-type=\"column\">\n\t\t\t<div class=\"elementor-widget-wrap\">\n\t\t\t\t\t\t\t<\/div>\n\t\t<\/div>\n\t\t\t\t<div class=\"elementor-column elementor-col-66 elementor-top-column elementor-element elementor-element-620260a\" data-id=\"620260a\" data-element_type=\"column\" data-e-type=\"column\">\n\t\t\t<div class=\"elementor-widget-wrap elementor-element-populated\">\n\t\t\t\t\t\t<div class=\"elementor-element elementor-element-866eefc elementor-widget elementor-widget-heading\" data-id=\"866eefc\" data-element_type=\"widget\" data-e-type=\"widget\" data-widget_type=\"heading.default\">\n\t\t\t\t<div class=\"elementor-widget-container\">\n\t\t\t\t\t<h2 class=\"elementor-heading-title elementor-size-default\">Preguntas frecuentes<\/h2>\t\t\t\t<\/div>\n\t\t\t\t<\/div>\n\t\t\t\t<div class=\"elementor-element elementor-element-0efd81c uael-faq-box-layout-yes align-at-left elementor-widget elementor-widget-uael-faq\" data-id=\"0efd81c\" data-element_type=\"widget\" data-e-type=\"widget\" data-widget_type=\"uael-faq.default\">\n\t\t\t\t<div class=\"elementor-widget-container\">\n\t\t\t\t\t\n\t\t\t<div id='uael-faq-wrapper-157' class=\"uael-faq-wrapper\">\n\t\t\t\t<div class=\"uael-faq-container uael-faq-layout-accordion\" data-layout=\"accordion\" >\n\t\t\t\t\t\t\t\t\t\t\t\t<div id=\"uael-accordion-0fe2083\" class=\"uael-faq-accordion\" role=\"tablist\">\n\t\t\t\t\t\t\t\t<div class= \"uael-accordion-title\" aria-expanded=\"false\" role=\"tab\">\n\t\t\t\t\t\t\t\t\t<span class=\"uael-accordion-icon uael-accordion-icon-left\">\n\t\t\t\t\t\t\t\t\t\t<span class=\"uael-accordion-icon-closed\"><i class=\"fas fa-angle-right\"><\/i><\/span>\n\t\t\t\t\t\t\t\t\t\t<span class=\"uael-accordion-icon-opened\"><i class=\"fas fa-angle-up\"><\/i><\/span>\n\t\t\t\t\t\t\t\t\t<\/span>\n\t\t\t\t\t\t\t\t\t<h6 class=\"uael-question-0fe2083 uael-question-span\" tabindex=\"0\" id=\"uael-faq-1-69f3c544bee2d\">\u00c9 gratu\u00edto para os profesores?<\/h6>\n\t\t\t\t\t\t\t\t<\/div>\n\t\t\t\t\t\t\t\t<div class=\"uael-accordion-content\" role=\"tabpanel\">\n\t\t\t\t\t\t\t\t\t<span>\n\t\t\t\t\t\t\t\t\t<span><p>Si, \u00e9 totalmente gratu\u00edto, podes crear a t\u00faa conta facilmente e en poucos minutos ter\u00e1s o teu propio curr\u00edculo profesional.<\/p><\/span>\t\t\t\t\t\t\t\t\t<\/span>\n\t\t\t\t\t\t\t\t<\/div>\n\t\t\t\t\t\t\t<\/div>\n\t\t\t\t\t\t\t\t\t\t\t<\/div>\n\t\t\t<\/div>\n\t\t\t\t\t\t\t<\/div>\n\t\t\t\t<\/div>\n\t\t\t\t\t<\/div>\n\t\t<\/div>\n\t\t\t\t<div class=\"elementor-column elementor-col-16 elementor-top-column elementor-element elementor-element-aea2a70\" data-id=\"aea2a70\" data-element_type=\"column\" data-e-type=\"column\">\n\t\t\t<div class=\"elementor-widget-wrap\">\n\t\t\t\t\t\t\t<\/div>\n\t\t<\/div>\n\t\t\t\t\t<\/div>\n\t\t<\/section>\n\t\t\t\t<\/div>\n\t\t","protected":false},"excerpt":{"rendered":"<p>Tes d\u00fabidas? Estamos encantados de contestalas! Sabemos que cambiar de contrataci\u00f3n en centros privados e concertados \u00e9 complexo, as\u00ed que se queres resolver as t\u00faas d\u00fabidas, po\u00f1\u00e9moschelo f\u00e1cil. Contacta connosco Por favor, activa JavaScript en tu navegador para completar este formulario.Nombre *Email *\u00bfC\u00f3mo te podemos ayudar? Enviar Preguntas frecuentes \u00c9 gratu\u00edto para os profesores? Si, [&hellip;]<\/p>\n","protected":false},"author":1,"featured_media":0,"parent":0,"menu_order":0,"comment_status":"closed","ping_status":"closed","template":"","meta":{"site-sidebar-layout":"no-sidebar","site-content-layout":"page-builder","ast-site-content-layout":"default","site-content-style":"default","site-sidebar-style":"default","ast-global-header-display":"","ast-banner-title-visibility":"","ast-main-header-display":"","ast-hfb-above-header-display":"","ast-hfb-below-header-display":"","ast-hfb-mobile-header-display":"","site-post-title":"disabled","ast-breadcrumbs-content":"","ast-featured-img":"disabled","footer-sml-layout":"","theme-transparent-header-meta":"","adv-header-id-meta":"","stick-header-meta":"","header-above-stick-meta":"","header-main-stick-meta":"","header-below-stick-meta":"","astra-migrate-meta-layouts":"default","ast-page-background-enabled":"default","ast-page-background-meta":{"desktop":{"background-color":"var(--ast-global-color-4)","background-image":"","background-repeat":"repeat","background-position":"center center","background-size":"auto","background-attachment":"scroll","background-type":"","background-media":"","overlay-type":"","overlay-color":"","overlay-opacity":"","overlay-gradient":""},"tablet":{"background-color":"","background-image":"","background-repeat":"repeat","background-position":"center center","background-size":"auto","background-attachment":"scroll","background-type":"","background-media":"","overlay-type":"","overlay-color":"","overlay-opacity":"","overlay-gradient":""},"mobile":{"background-color":"","background-image":"","background-repeat":"repeat","background-position":"center center","background-size":"auto","background-attachment":"scroll","background-type":"","background-media":"","overlay-type":"","overlay-color":"","overlay-opacity":"","overlay-gradient":""}},"ast-content-background-meta":{"desktop":{"background-color":"var(--ast-global-color-5)","background-image":"","background-repeat":"repeat","background-position":"center center","background-size":"auto","background-attachment":"scroll","background-type":"","background-media":"","overlay-type":"","overlay-color":"","overlay-opacity":"","overlay-gradient":""},"tablet":{"background-color":"var(--ast-global-color-5)","background-image":"","background-repeat":"repeat","background-position":"center center","background-size":"auto","background-attachment":"scroll","background-type":"","background-media":"","overlay-type":"","overlay-color":"","overlay-opacity":"","overlay-gradient":""},"mobile":{"background-color":"var(--ast-global-color-5)","background-image":"","background-repeat":"repeat","background-position":"center center","background-size":"auto","background-attachment":"scroll","background-type":"","background-media":"","overlay-type":"","overlay-color":"","overlay-opacity":"","overlay-gradient":""}},"footnotes":""},"class_list":["post-3240","page","type-page","status-publish","hentry"],"yoast_head":"<!-- This site is optimized with the Yoast SEO plugin v27.4 - https:\/\/yoast.com\/product\/yoast-seo-wordpress\/ -->\n<title>Contacto - Edutalent<\/title>\n<meta name=\"robots\" content=\"index, follow, max-snippet:-1, max-image-preview:large, max-video-preview:-1\" \/>\n<link rel=\"canonical\" href=\"https:\/\/edutalent.es\/gl\/contacto\/\" \/>\n<meta property=\"og:locale\" content=\"gl_ES\" \/>\n<meta property=\"og:type\" content=\"article\" \/>\n<meta property=\"og:title\" content=\"Contacto - Edutalent\" \/>\n<meta property=\"og:description\" content=\"Tes d\u00fabidas? Estamos encantados de contestalas! Sabemos que cambiar de contrataci\u00f3n en centros privados e concertados \u00e9 complexo, as\u00ed que se queres resolver as t\u00faas d\u00fabidas, po\u00f1\u00e9moschelo f\u00e1cil. Contacta connosco Por favor, activa JavaScript en tu navegador para completar este formulario.Nombre *Email *\u00bfC\u00f3mo te podemos ayudar? Enviar Preguntas frecuentes \u00c9 gratu\u00edto para os profesores? Si, [&hellip;]\" \/>\n<meta property=\"og:url\" content=\"https:\/\/edutalent.es\/gl\/contacto\/\" \/>\n<meta property=\"og:site_name\" content=\"Edutalent\" \/>\n<meta property=\"article:modified_time\" content=\"2024-12-14T08:27:10+00:00\" \/>\n<meta property=\"og:image\" content=\"https:\/\/edutalent.es\/wp-content\/plugins\/wpforms-lite\/assets\/images\/submit-spin.svg\" \/>\n<meta name=\"twitter:card\" content=\"summary_large_image\" \/>\n<script type=\"application\/ld+json\" class=\"yoast-schema-graph\">{\"@context\":\"https:\\\/\\\/schema.org\",\"@graph\":[{\"@type\":\"WebPage\",\"@id\":\"https:\\\/\\\/edutalent.es\\\/gl\\\/contacto\\\/\",\"url\":\"https:\\\/\\\/edutalent.es\\\/gl\\\/contacto\\\/\",\"name\":\"Contacto - Edutalent\",\"isPartOf\":{\"@id\":\"https:\\\/\\\/edutalent.es\\\/gl\\\/#website\"},\"primaryImageOfPage\":{\"@id\":\"https:\\\/\\\/edutalent.es\\\/gl\\\/contacto\\\/#primaryimage\"},\"image\":{\"@id\":\"https:\\\/\\\/edutalent.es\\\/gl\\\/contacto\\\/#primaryimage\"},\"thumbnailUrl\":\"https:\\\/\\\/edutalent.es\\\/wp-content\\\/plugins\\\/wpforms-lite\\\/assets\\\/images\\\/submit-spin.svg\",\"datePublished\":\"2023-02-08T16:37:05+00:00\",\"dateModified\":\"2024-12-14T08:27:10+00:00\",\"breadcrumb\":{\"@id\":\"https:\\\/\\\/edutalent.es\\\/gl\\\/contacto\\\/#breadcrumb\"},\"inLanguage\":\"gl-ES\",\"potentialAction\":[{\"@type\":\"ReadAction\",\"target\":[\"https:\\\/\\\/edutalent.es\\\/gl\\\/contacto\\\/\"]}]},{\"@type\":\"ImageObject\",\"inLanguage\":\"gl-ES\",\"@id\":\"https:\\\/\\\/edutalent.es\\\/gl\\\/contacto\\\/#primaryimage\",\"url\":\"https:\\\/\\\/edutalent.es\\\/wp-content\\\/plugins\\\/wpforms-lite\\\/assets\\\/images\\\/submit-spin.svg\",\"contentUrl\":\"https:\\\/\\\/edutalent.es\\\/wp-content\\\/plugins\\\/wpforms-lite\\\/assets\\\/images\\\/submit-spin.svg\"},{\"@type\":\"BreadcrumbList\",\"@id\":\"https:\\\/\\\/edutalent.es\\\/gl\\\/contacto\\\/#breadcrumb\",\"itemListElement\":[{\"@type\":\"ListItem\",\"position\":1,\"name\":\"Portada\",\"item\":\"https:\\\/\\\/edutalent.es\\\/gl\\\/\"},{\"@type\":\"ListItem\",\"position\":2,\"name\":\"Contacto\"}]},{\"@type\":\"WebSite\",\"@id\":\"https:\\\/\\\/edutalent.es\\\/gl\\\/#website\",\"url\":\"https:\\\/\\\/edutalent.es\\\/gl\\\/\",\"name\":\"Edutalent\",\"description\":\"SaaS application company\",\"publisher\":{\"@id\":\"https:\\\/\\\/edutalent.es\\\/gl\\\/#organization\"},\"potentialAction\":[{\"@type\":\"SearchAction\",\"target\":{\"@type\":\"EntryPoint\",\"urlTemplate\":\"https:\\\/\\\/edutalent.es\\\/gl\\\/?s={search_term_string}\"},\"query-input\":{\"@type\":\"PropertyValueSpecification\",\"valueRequired\":true,\"valueName\":\"search_term_string\"}}],\"inLanguage\":\"gl-ES\"},{\"@type\":\"Organization\",\"@id\":\"https:\\\/\\\/edutalent.es\\\/gl\\\/#organization\",\"name\":\"Edutalent\",\"url\":\"https:\\\/\\\/edutalent.es\\\/gl\\\/\",\"logo\":{\"@type\":\"ImageObject\",\"inLanguage\":\"gl-ES\",\"@id\":\"https:\\\/\\\/edutalent.es\\\/gl\\\/#\\\/schema\\\/logo\\\/image\\\/\",\"url\":\"https:\\\/\\\/edutalent.es\\\/wp-content\\\/uploads\\\/2023\\\/05\\\/logo-edutalent.png\",\"contentUrl\":\"https:\\\/\\\/edutalent.es\\\/wp-content\\\/uploads\\\/2023\\\/05\\\/logo-edutalent.png\",\"width\":418,\"height\":103,\"caption\":\"Edutalent\"},\"image\":{\"@id\":\"https:\\\/\\\/edutalent.es\\\/gl\\\/#\\\/schema\\\/logo\\\/image\\\/\"},\"sameAs\":[\"https:\\\/\\\/www.instagram.com\\\/edutalent.es\\\/\"]}]}<\/script>\n<!-- \/ Yoast SEO plugin. -->","yoast_head_json":{"title":"Contacto - Edutalent","robots":{"index":"index","follow":"follow","max-snippet":"max-snippet:-1","max-image-preview":"max-image-preview:large","max-video-preview":"max-video-preview:-1"},"canonical":"https:\/\/edutalent.es\/gl\/contacto\/","og_locale":"gl_ES","og_type":"article","og_title":"Contacto - Edutalent","og_description":"Tes d\u00fabidas? Estamos encantados de contestalas! Sabemos que cambiar de contrataci\u00f3n en centros privados e concertados \u00e9 complexo, as\u00ed que se queres resolver as t\u00faas d\u00fabidas, po\u00f1\u00e9moschelo f\u00e1cil. Contacta connosco Por favor, activa JavaScript en tu navegador para completar este formulario.Nombre *Email *\u00bfC\u00f3mo te podemos ayudar? Enviar Preguntas frecuentes \u00c9 gratu\u00edto para os profesores? Si, [&hellip;]","og_url":"https:\/\/edutalent.es\/gl\/contacto\/","og_site_name":"Edutalent","article_modified_time":"2024-12-14T08:27:10+00:00","og_image":[{"url":"https:\/\/edutalent.es\/wp-content\/plugins\/wpforms-lite\/assets\/images\/submit-spin.svg","type":"","width":"","height":""}],"twitter_card":"summary_large_image","schema":{"@context":"https:\/\/schema.org","@graph":[{"@type":"WebPage","@id":"https:\/\/edutalent.es\/gl\/contacto\/","url":"https:\/\/edutalent.es\/gl\/contacto\/","name":"Contacto - Edutalent","isPartOf":{"@id":"https:\/\/edutalent.es\/gl\/#website"},"primaryImageOfPage":{"@id":"https:\/\/edutalent.es\/gl\/contacto\/#primaryimage"},"image":{"@id":"https:\/\/edutalent.es\/gl\/contacto\/#primaryimage"},"thumbnailUrl":"https:\/\/edutalent.es\/wp-content\/plugins\/wpforms-lite\/assets\/images\/submit-spin.svg","datePublished":"2023-02-08T16:37:05+00:00","dateModified":"2024-12-14T08:27:10+00:00","breadcrumb":{"@id":"https:\/\/edutalent.es\/gl\/contacto\/#breadcrumb"},"inLanguage":"gl-ES","potentialAction":[{"@type":"ReadAction","target":["https:\/\/edutalent.es\/gl\/contacto\/"]}]},{"@type":"ImageObject","inLanguage":"gl-ES","@id":"https:\/\/edutalent.es\/gl\/contacto\/#primaryimage","url":"https:\/\/edutalent.es\/wp-content\/plugins\/wpforms-lite\/assets\/images\/submit-spin.svg","contentUrl":"https:\/\/edutalent.es\/wp-content\/plugins\/wpforms-lite\/assets\/images\/submit-spin.svg"},{"@type":"BreadcrumbList","@id":"https:\/\/edutalent.es\/gl\/contacto\/#breadcrumb","itemListElement":[{"@type":"ListItem","position":1,"name":"Portada","item":"https:\/\/edutalent.es\/gl\/"},{"@type":"ListItem","position":2,"name":"Contacto"}]},{"@type":"WebSite","@id":"https:\/\/edutalent.es\/gl\/#website","url":"https:\/\/edutalent.es\/gl\/","name":"Edutalent","description":"SaaS application company","publisher":{"@id":"https:\/\/edutalent.es\/gl\/#organization"},"potentialAction":[{"@type":"SearchAction","target":{"@type":"EntryPoint","urlTemplate":"https:\/\/edutalent.es\/gl\/?s={search_term_string}"},"query-input":{"@type":"PropertyValueSpecification","valueRequired":true,"valueName":"search_term_string"}}],"inLanguage":"gl-ES"},{"@type":"Organization","@id":"https:\/\/edutalent.es\/gl\/#organization","name":"Edutalent","url":"https:\/\/edutalent.es\/gl\/","logo":{"@type":"ImageObject","inLanguage":"gl-ES","@id":"https:\/\/edutalent.es\/gl\/#\/schema\/logo\/image\/","url":"https:\/\/edutalent.es\/wp-content\/uploads\/2023\/05\/logo-edutalent.png","contentUrl":"https:\/\/edutalent.es\/wp-content\/uploads\/2023\/05\/logo-edutalent.png","width":418,"height":103,"caption":"Edutalent"},"image":{"@id":"https:\/\/edutalent.es\/gl\/#\/schema\/logo\/image\/"},"sameAs":["https:\/\/www.instagram.com\/edutalent.es\/"]}]}},"_links":{"self":[{"href":"https:\/\/edutalent.es\/gl\/wp-json\/wp\/v2\/pages\/3240","targetHints":{"allow":["GET"]}}],"collection":[{"href":"https:\/\/edutalent.es\/gl\/wp-json\/wp\/v2\/pages"}],"about":[{"href":"https:\/\/edutalent.es\/gl\/wp-json\/wp\/v2\/types\/page"}],"author":[{"embeddable":true,"href":"https:\/\/edutalent.es\/gl\/wp-json\/wp\/v2\/users\/1"}],"replies":[{"embeddable":true,"href":"https:\/\/edutalent.es\/gl\/wp-json\/wp\/v2\/comments?post=3240"}],"version-history":[{"count":0,"href":"https:\/\/edutalent.es\/gl\/wp-json\/wp\/v2\/pages\/3240\/revisions"}],"wp:attachment":[{"href":"https:\/\/edutalent.es\/gl\/wp-json\/wp\/v2\/media?parent=3240"}],"curies":[{"name":"wp","href":"https:\/\/api.w.org\/{rel}","templated":true}]}}